{"id":2838,"date":"2024-11-29T20:52:41","date_gmt":"2024-11-29T19:52:41","guid":{"rendered":"https:\/\/www.lesdauphins-wine.com\/inspiring-creativity\/"},"modified":"2025-04-24T09:55:17","modified_gmt":"2025-04-24T07:55:17","slug":"nos-inspirations","status":"publish","type":"page","link":"https:\/\/www.lesdauphins-wine.com\/fr\/nos-inspirations\/","title":{"rendered":"Nos inspirations"},"content":{"rendered":"\t\t<div data-elementor-type=\"wp-page\" data-elementor-id=\"2838\" class=\"elementor elementor-2838 elementor-14\" data-elementor-post-type=\"page\">\n\t\t\t\t<div class=\"elementor-element elementor-element-c0906c9 e-con-full e-flex e-con e-parent\" data-id=\"c0906c9\" data-element_type=\"container\" data-e-type=\"container\" data-settings=\"{&quot;background_background&quot;:&quot;classic&quot;}\">\n\t\t<div class=\"elementor-element elementor-element-f780a76 e-flex e-con-boxed e-con e-child\" data-id=\"f780a76\" data-element_type=\"container\" data-e-type=\"container\">\n\t\t\t\t\t<div class=\"e-con-inner\">\n\t\t\t\t<div class=\"elementor-element elementor-element-e8a5ef1 elementor-widget elementor-widget-heading\" data-id=\"e8a5ef1\" data-element_type=\"widget\" data-e-type=\"widget\" data-widget_type=\"heading.default\">\n\t\t\t\t<div class=\"elementor-widget-container\">\n\t\t\t\t\t<h2 class=\"elementor-heading-title elementor-size-default\"><p>NOS INSPIRATIONS<\/p>\n<\/h2>\t\t\t\t<\/div>\n\t\t\t\t<\/div>\n\t\t\t\t<div class=\"elementor-element elementor-element-315a347 elementor-widget elementor-widget-text-editor\" data-id=\"315a347\" data-element_type=\"widget\" data-e-type=\"widget\" data-widget_type=\"text-editor.default\">\n\t\t\t\t<div class=\"elementor-widget-container\">\n\t\t\t\t\t\t\t\t\t<div class=\"elementor-element elementor-element-f3c5eff e-con-full e-flex e-con e-parent e-lazyloaded\" data-id=\"f3c5eff\" data-element_type=\"container\">\n<div class=\"elementor-element elementor-element-22283d1 e-con-full e-flex e-con e-child\" data-id=\"22283d1\" data-element_type=\"container\">\n<div class=\"elementor-element elementor-element-2deb16f e-con-full e-flex e-con e-child\" data-id=\"2deb16f\" data-element_type=\"container\" data-settings=\"{&quot;background_background&quot;:&quot;classic&quot;}\">\n<div class=\"elementor-element elementor-element-c5c0988 elementor-widget elementor-widget-text-editor\" data-id=\"c5c0988\" data-element_type=\"widget\" data-widget_type=\"text-editor.default\">\n<div class=\"elementor-widget-container\">\n<p>Populaires depuis qu&rsquo;ils sont servis dans les bistrots parisiens des ann\u00e9es 1920, les vins du Dauphin\u00e9 continuent d&rsquo;\u00e9voquer la cr\u00e9ativit\u00e9 et d&rsquo;inspirer la \u00ab joie de vivre \u00bb.<\/p>\n<\/div>\n<\/div>\n<\/div>\n<\/div>\n<\/div>\n\t\t\t\t\t\t\t\t<\/div>\n\t\t\t\t<\/div>\n\t\t\t\t\t<\/div>\n\t\t\t\t<\/div>\n\t\t\t\t<\/div>\n\t\t<div class=\"elementor-element elementor-element-8670e3b e-flex e-con-boxed e-con e-parent\" data-id=\"8670e3b\" data-element_type=\"container\" data-e-type=\"container\">\n\t\t\t\t\t<div class=\"e-con-inner\">\n\t\t\t\t<div class=\"elementor-element elementor-element-d15acd9 elementor-grid-1 elementor-grid-tablet-1 elementor-grid-mobile-1 elementor-widget elementor-widget-loop-grid\" data-id=\"d15acd9\" data-element_type=\"widget\" data-e-type=\"widget\" data-settings=\"{&quot;template_id&quot;:840,&quot;columns&quot;:1,&quot;alternate_template&quot;:&quot;yes&quot;,&quot;pagination_type&quot;:&quot;numbers&quot;,&quot;pagination_load_type&quot;:&quot;ajax&quot;,&quot;row_gap&quot;:{&quot;unit&quot;:&quot;px&quot;,&quot;size&quot;:0,&quot;sizes&quot;:[]},&quot;columns_tablet&quot;:1,&quot;_skin&quot;:&quot;post&quot;,&quot;columns_mobile&quot;:&quot;1&quot;,&quot;edit_handle_selector&quot;:&quot;[data-elementor-type=\\&quot;loop-item\\&quot;]&quot;,&quot;row_gap_tablet&quot;:{&quot;unit&quot;:&quot;px&quot;,&quot;size&quot;:&quot;&quot;,&quot;sizes&quot;:[]},&quot;row_gap_mobile&quot;:{&quot;unit&quot;:&quot;px&quot;,&quot;size&quot;:&quot;&quot;,&quot;sizes&quot;:[]}}\" data-widget_type=\"loop-grid.post\">\n\t\t\t\t<div class=\"elementor-widget-container\">\n\t\t\t\t\t\t\t<div class=\"elementor-loop-container elementor-grid\" role=\"list\">\n\t\t<style id=\"loop-dynamic-840\">.e-loop-item-2857 .elementor-element.elementor-element-44108f1:not(.elementor-motion-effects-element-type-background), .e-loop-item-2857 .elementor-element.elementor-element-44108f1 > .elementor-motion-effects-container > .elementor-motion-effects-layer{background-color:#FFFEF4;}.e-loop-item-2857 .elementor-element.elementor-element-2f04965 .elementor-heading-title{color:#1A5B5B;}.e-loop-item-2857 .elementor-element.elementor-element-79aa8b5 .elementor-widget-container{color:#1A5B5B;}.e-loop-item-2857 .elementor-element.elementor-global-1241 .elementor-button{fill:#1A5B5B;color:#1A5B5B;}.e-loop-item-2857 .elementor-element.elementor-global-1241 .elementor-button:hover, .e-loop-item-2857 .elementor-element.elementor-global-1241 .elementor-button:focus{border-color:#1A5B5B;}<\/style><style id=\"loop-840\">.elementor-840 .elementor-element.elementor-element-44108f1{--display:flex;--flex-direction:row;--container-widget-width:calc( ( 1 - var( --container-widget-flex-grow ) ) * 100% );--container-widget-height:100%;--container-widget-flex-grow:1;--container-widget-align-self:stretch;--flex-wrap-mobile:wrap;--justify-content:center;--align-items:center;--gap:40px 40px;--row-gap:40px;--column-gap:40px;--padding-top:30px;--padding-bottom:30px;--padding-left:30px;--padding-right:30px;}.elementor-840 .elementor-element.elementor-element-fc2e7a9{--display:flex;--justify-content:center;--align-items:center;--container-widget-width:calc( ( 1 - var( --container-widget-flex-grow ) ) * 100% );--overflow:hidden;}.elementor-widget-image .widget-image-caption{font-family:var( --e-global-typography-text-font-family ), Sans-serif;font-size:var( --e-global-typography-text-font-size );font-weight:var( --e-global-typography-text-font-weight );}.elementor-840 .elementor-element.elementor-element-062d2fa img{width:600px;height:400px;object-fit:cover;object-position:center center;}.elementor-840 .elementor-element.elementor-element-2968ce0{--display:flex;}.elementor-widget-theme-post-title .elementor-heading-title{font-family:var( --e-global-typography-primary-font-family ), Sans-serif;font-size:var( --e-global-typography-primary-font-size );font-weight:var( --e-global-typography-primary-font-weight );letter-spacing:var( --e-global-typography-primary-letter-spacing );}.elementor-840 .elementor-element.elementor-element-2f04965 .elementor-heading-title{font-family:\"Farley MF Regular\", Sans-serif;font-size:30px;font-weight:400;}.elementor-widget-theme-post-excerpt .elementor-widget-container{font-family:var( --e-global-typography-text-font-family ), Sans-serif;font-size:var( --e-global-typography-text-font-size );font-weight:var( --e-global-typography-text-font-weight );}.elementor-840 .elementor-element.elementor-element-79aa8b5 .elementor-widget-container{font-family:\"Gotham family\", Sans-serif;font-size:16px;font-weight:400;}.elementor-widget-global .elementor-button{font-family:var( --e-global-typography-accent-font-family ), Sans-serif;font-size:var( --e-global-typography-accent-font-size );font-weight:var( --e-global-typography-accent-font-weight );line-height:var( --e-global-typography-accent-line-height );}.elementor-840 .elementor-element.elementor-global-1241 .elementor-button{font-family:\"Farley MF Regular\", Sans-serif;font-size:18px;font-weight:500;background-color:#02010100;border-style:solid;border-width:0px 0px 1px 0px;border-radius:0px 0px 0px 0px;padding:0px 0px 5px 0px;}@media(max-width:1024px){.elementor-widget-image .widget-image-caption{font-size:var( --e-global-typography-text-font-size );}.elementor-widget-theme-post-title .elementor-heading-title{font-size:var( --e-global-typography-primary-font-size );letter-spacing:var( --e-global-typography-primary-letter-spacing );}.elementor-widget-theme-post-excerpt .elementor-widget-container{font-size:var( --e-global-typography-text-font-size );}.elementor-widget-global .elementor-button{font-size:var( --e-global-typography-accent-font-size );line-height:var( --e-global-typography-accent-line-height );}}@media(max-width:767px){.elementor-widget-image .widget-image-caption{font-size:var( --e-global-typography-text-font-size );}.elementor-widget-theme-post-title .elementor-heading-title{font-size:var( --e-global-typography-primary-font-size );letter-spacing:var( --e-global-typography-primary-letter-spacing );}.elementor-widget-theme-post-excerpt .elementor-widget-container{font-size:var( --e-global-typography-text-font-size );}.elementor-widget-global .elementor-button{font-size:var( --e-global-typography-accent-font-size );line-height:var( --e-global-typography-accent-line-height );}}<\/style>\t\t<div data-elementor-type=\"loop-item\" data-elementor-id=\"840\" class=\"elementor elementor-840 e-loop-item e-loop-item-2857 post-2857 article-rp type-article-rp status-publish has-post-thumbnail hentry\" data-elementor-post-type=\"elementor_library\" data-custom-edit-handle=\"1\">\n\t\t\t<div class=\"elementor-element elementor-element-44108f1 e-con-full e-flex e-con e-parent\" data-id=\"44108f1\" data-element_type=\"container\" data-e-type=\"container\" data-settings=\"{&quot;background_background&quot;:&quot;classic&quot;}\">\n\t\t<div class=\"elementor-element elementor-element-fc2e7a9 e-con-full e-flex e-con e-child\" data-id=\"fc2e7a9\" data-element_type=\"container\" data-e-type=\"container\">\n\t\t\t\t<div class=\"elementor-element elementor-element-062d2fa elementor-widget elementor-widget-image\" data-id=\"062d2fa\" data-element_type=\"widget\" data-e-type=\"widget\" data-widget_type=\"image.default\">\n\t\t\t\t<div class=\"elementor-widget-container\">\n\t\t\t\t\t\t\t\t\t\t\t\t\t\t\t\t<a href=\"https:\/\/www.lesdauphins-wine.com\/fr\/article-rp\/duck-cassoulet-les-dauphins\/\">\n\t\t\t\t\t\t\t<img decoding=\"async\" src=\"https:\/\/www.lesdauphins-wine.com\/wp-content\/uploads\/2024\/12\/Votre-texte-de-paragraphe.png\" title=\"\" alt=\"\" loading=\"lazy\" \/>\t\t\t\t\t\t\t\t<\/a>\n\t\t\t\t\t\t\t\t\t\t\t\t\t\t\t<\/div>\n\t\t\t\t<\/div>\n\t\t\t\t<\/div>\n\t\t<div class=\"elementor-element elementor-element-2968ce0 e-flex e-con-boxed e-con e-child\" data-id=\"2968ce0\" data-element_type=\"container\" data-e-type=\"container\">\n\t\t\t\t\t<div class=\"e-con-inner\">\n\t\t\t\t<div class=\"elementor-element elementor-element-2f04965 elementor-widget elementor-widget-theme-post-title elementor-page-title elementor-widget-heading\" data-id=\"2f04965\" data-element_type=\"widget\" data-e-type=\"widget\" data-widget_type=\"theme-post-title.default\">\n\t\t\t\t<div class=\"elementor-widget-container\">\n\t\t\t\t\t<h2 class=\"elementor-heading-title elementor-size-default\"><a href=\"https:\/\/www.lesdauphins-wine.com\/fr\/article-rp\/duck-cassoulet-les-dauphins\/\">Cassoulet de Canard x Les Dauphins by @skinandpulp<\/a><\/h2>\t\t\t\t<\/div>\n\t\t\t\t<\/div>\n\t\t\t\t<div class=\"elementor-element elementor-element-79aa8b5 elementor-widget elementor-widget-theme-post-excerpt\" data-id=\"79aa8b5\" data-element_type=\"widget\" data-e-type=\"widget\" data-widget_type=\"theme-post-excerpt.default\">\n\t\t\t\t<div class=\"elementor-widget-container\">\n\t\t\t\t\tWhen I was thinking about what to eat with this bottle of C\u00f4tes du Rh\u00f4ne Villages from Les Dauphins, my mind went to one of those little Parisian bistros with the red and white chequered table cloths. It had to be duck cassoulet with a hunk of crusty white bread.\t\t\t\t<\/div>\n\t\t\t\t<\/div>\n\t\t\t\t<div class=\"elementor-element elementor-element-65443ed elementor-widget elementor-widget-global elementor-global-1241 elementor-widget-button\" data-id=\"65443ed\" data-element_type=\"widget\" data-e-type=\"widget\" data-widget_type=\"button.default\">\n\t\t\t\t<div class=\"elementor-widget-container\">\n\t\t\t\t\t\t\t\t\t<div class=\"elementor-button-wrapper\">\n\t\t\t\t\t<a class=\"elementor-button elementor-button-link elementor-size-sm elementor-animation-shrink\" href=\"https:\/\/www.lesdauphins-wine.com\/fr\/article-rp\/duck-cassoulet-les-dauphins\/\">\n\t\t\t\t\t\t<span class=\"elementor-button-content-wrapper\">\n\t\t\t\t\t\t\t\t\t<span class=\"elementor-button-text\">Read More<\/span>\n\t\t\t\t\t<\/span>\n\t\t\t\t\t<\/a>\n\t\t\t\t<\/div>\n\t\t\t\t\t\t\t\t<\/div>\n\t\t\t\t<\/div>\n\t\t\t\t\t<\/div>\n\t\t\t\t<\/div>\n\t\t\t\t<\/div>\n\t\t\t\t<\/div>\n\t\t\t\t<\/div>\n\t\t\n\t\t\t\t\t\t<\/div>\n\t\t\t\t<\/div>\n\t\t\t\t\t<\/div>\n\t\t\t\t<\/div>\n\t\t\t\t<\/div>\n\t\t","protected":false},"excerpt":{"rendered":"","protected":false},"author":1,"featured_media":0,"parent":0,"menu_order":0,"comment_status":"closed","ping_status":"closed","template":"","meta":{"_acf_changed":false,"footnotes":""},"class_list":["post-2838","page","type-page","status-publish","hentry"],"acf":[],"yoast_head":"<!-- This site is optimized with the Yoast SEO plugin v27.5 - https:\/\/yoast.com\/product\/yoast-seo-wordpress\/ -->\n<title>Nos inspirations &#8211; Les Dauphins Wine<\/title>\n<meta name=\"robots\" content=\"index, follow, max-snippet:-1, max-image-preview:large, max-video-preview:-1\" \/>\n<link rel=\"canonical\" href=\"https:\/\/www.lesdauphins-wine.com\/fr\/nos-inspirations\/\" \/>\n<meta property=\"og:locale\" content=\"fr_FR\" \/>\n<meta property=\"og:type\" content=\"article\" \/>\n<meta property=\"og:title\" content=\"Nos inspirations &#8211; Les Dauphins Wine\" \/>\n<meta property=\"og:url\" content=\"https:\/\/www.lesdauphins-wine.com\/fr\/nos-inspirations\/\" \/>\n<meta property=\"og:site_name\" content=\"Les Dauphins Wine\" \/>\n<meta property=\"article:publisher\" content=\"https:\/\/www.facebook.com\/profile.php?id=61564817920040\" \/>\n<meta property=\"article:modified_time\" content=\"2025-04-24T07:55:17+00:00\" \/>\n<meta property=\"og:image\" content=\"https:\/\/www.lesdauphins-wine.com\/wp-content\/uploads\/2024\/12\/Les-Dauphins-gamme-vins-blanc-rose-rouge-cotes-du-rhone-scaled.jpg\" \/>\n\t<meta property=\"og:image:width\" content=\"2560\" \/>\n\t<meta property=\"og:image:height\" content=\"1707\" \/>\n\t<meta property=\"og:image:type\" content=\"image\/jpeg\" \/>\n<meta name=\"twitter:card\" content=\"summary_large_image\" \/>\n<meta name=\"twitter:label1\" content=\"Dur\u00e9e de lecture estim\u00e9e\" \/>\n\t<meta name=\"twitter:data1\" content=\"1 minute\" \/>\n<script type=\"application\/ld+json\" class=\"yoast-schema-graph\">{\"@context\":\"https:\\\/\\\/schema.org\",\"@graph\":[{\"@type\":\"WebPage\",\"@id\":\"https:\\\/\\\/www.lesdauphins-wine.com\\\/fr\\\/nos-inspirations\\\/\",\"url\":\"https:\\\/\\\/www.lesdauphins-wine.com\\\/fr\\\/nos-inspirations\\\/\",\"name\":\"Nos inspirations &#8211; Les Dauphins Wine\",\"isPartOf\":{\"@id\":\"https:\\\/\\\/www.lesdauphins-wine.com\\\/fr\\\/#website\"},\"datePublished\":\"2024-11-29T19:52:41+00:00\",\"dateModified\":\"2025-04-24T07:55:17+00:00\",\"breadcrumb\":{\"@id\":\"https:\\\/\\\/www.lesdauphins-wine.com\\\/fr\\\/nos-inspirations\\\/#breadcrumb\"},\"inLanguage\":\"fr-FR\",\"potentialAction\":[{\"@type\":\"ReadAction\",\"target\":[\"https:\\\/\\\/www.lesdauphins-wine.com\\\/fr\\\/nos-inspirations\\\/\"]}]},{\"@type\":\"BreadcrumbList\",\"@id\":\"https:\\\/\\\/www.lesdauphins-wine.com\\\/fr\\\/nos-inspirations\\\/#breadcrumb\",\"itemListElement\":[{\"@type\":\"ListItem\",\"position\":1,\"name\":\"Accueil\",\"item\":\"https:\\\/\\\/www.lesdauphins-wine.com\\\/fr\\\/\"},{\"@type\":\"ListItem\",\"position\":2,\"name\":\"Nos inspirations\"}]},{\"@type\":\"WebSite\",\"@id\":\"https:\\\/\\\/www.lesdauphins-wine.com\\\/fr\\\/#website\",\"url\":\"https:\\\/\\\/www.lesdauphins-wine.com\\\/fr\\\/\",\"name\":\"Les Dauphins Wine\",\"description\":\"\",\"publisher\":{\"@id\":\"https:\\\/\\\/www.lesdauphins-wine.com\\\/fr\\\/#organization\"},\"alternateName\":\"Les Dauphins\",\"potentialAction\":[{\"@type\":\"SearchAction\",\"target\":{\"@type\":\"EntryPoint\",\"urlTemplate\":\"https:\\\/\\\/www.lesdauphins-wine.com\\\/fr\\\/?s={search_term_string}\"},\"query-input\":{\"@type\":\"PropertyValueSpecification\",\"valueRequired\":true,\"valueName\":\"search_term_string\"}}],\"inLanguage\":\"fr-FR\"},{\"@type\":\"Organization\",\"@id\":\"https:\\\/\\\/www.lesdauphins-wine.com\\\/fr\\\/#organization\",\"name\":\"Les Dauphins Wine\",\"alternateName\":\"Les Dauphins\",\"url\":\"https:\\\/\\\/www.lesdauphins-wine.com\\\/fr\\\/\",\"logo\":{\"@type\":\"ImageObject\",\"inLanguage\":\"fr-FR\",\"@id\":\"https:\\\/\\\/www.lesdauphins-wine.com\\\/fr\\\/#\\\/schema\\\/logo\\\/image\\\/\",\"url\":\"https:\\\/\\\/www.lesdauphins-wine.com\\\/wp-content\\\/uploads\\\/2024\\\/12\\\/les-dauphins-logo-officiel-2024-e1733424049466.png\",\"contentUrl\":\"https:\\\/\\\/www.lesdauphins-wine.com\\\/wp-content\\\/uploads\\\/2024\\\/12\\\/les-dauphins-logo-officiel-2024-e1733424049466.png\",\"width\":350,\"height\":283,\"caption\":\"Les Dauphins Wine\"},\"image\":{\"@id\":\"https:\\\/\\\/www.lesdauphins-wine.com\\\/fr\\\/#\\\/schema\\\/logo\\\/image\\\/\"},\"sameAs\":[\"https:\\\/\\\/www.facebook.com\\\/profile.php?id=61564817920040\",\"https:\\\/\\\/www.instagram.com\\\/lesdauphinswine\",\"https:\\\/\\\/www.linkedin.com\\\/company\\\/les-dauphins-wine\\\/?viewAsMember=true\"]}]}<\/script>\n<!-- \/ Yoast SEO plugin. -->","yoast_head_json":{"title":"Nos inspirations &#8211; Les Dauphins Wine","robots":{"index":"index","follow":"follow","max-snippet":"max-snippet:-1","max-image-preview":"max-image-preview:large","max-video-preview":"max-video-preview:-1"},"canonical":"https:\/\/www.lesdauphins-wine.com\/fr\/nos-inspirations\/","og_locale":"fr_FR","og_type":"article","og_title":"Nos inspirations &#8211; Les Dauphins Wine","og_url":"https:\/\/www.lesdauphins-wine.com\/fr\/nos-inspirations\/","og_site_name":"Les Dauphins Wine","article_publisher":"https:\/\/www.facebook.com\/profile.php?id=61564817920040","article_modified_time":"2025-04-24T07:55:17+00:00","og_image":[{"width":2560,"height":1707,"url":"https:\/\/www.lesdauphins-wine.com\/wp-content\/uploads\/2024\/12\/Les-Dauphins-gamme-vins-blanc-rose-rouge-cotes-du-rhone-scaled.jpg","type":"image\/jpeg"}],"twitter_card":"summary_large_image","twitter_misc":{"Dur\u00e9e de lecture estim\u00e9e":"1 minute"},"schema":{"@context":"https:\/\/schema.org","@graph":[{"@type":"WebPage","@id":"https:\/\/www.lesdauphins-wine.com\/fr\/nos-inspirations\/","url":"https:\/\/www.lesdauphins-wine.com\/fr\/nos-inspirations\/","name":"Nos inspirations &#8211; Les Dauphins Wine","isPartOf":{"@id":"https:\/\/www.lesdauphins-wine.com\/fr\/#website"},"datePublished":"2024-11-29T19:52:41+00:00","dateModified":"2025-04-24T07:55:17+00:00","breadcrumb":{"@id":"https:\/\/www.lesdauphins-wine.com\/fr\/nos-inspirations\/#breadcrumb"},"inLanguage":"fr-FR","potentialAction":[{"@type":"ReadAction","target":["https:\/\/www.lesdauphins-wine.com\/fr\/nos-inspirations\/"]}]},{"@type":"BreadcrumbList","@id":"https:\/\/www.lesdauphins-wine.com\/fr\/nos-inspirations\/#breadcrumb","itemListElement":[{"@type":"ListItem","position":1,"name":"Accueil","item":"https:\/\/www.lesdauphins-wine.com\/fr\/"},{"@type":"ListItem","position":2,"name":"Nos inspirations"}]},{"@type":"WebSite","@id":"https:\/\/www.lesdauphins-wine.com\/fr\/#website","url":"https:\/\/www.lesdauphins-wine.com\/fr\/","name":"Les Dauphins Wine","description":"","publisher":{"@id":"https:\/\/www.lesdauphins-wine.com\/fr\/#organization"},"alternateName":"Les Dauphins","potentialAction":[{"@type":"SearchAction","target":{"@type":"EntryPoint","urlTemplate":"https:\/\/www.lesdauphins-wine.com\/fr\/?s={search_term_string}"},"query-input":{"@type":"PropertyValueSpecification","valueRequired":true,"valueName":"search_term_string"}}],"inLanguage":"fr-FR"},{"@type":"Organization","@id":"https:\/\/www.lesdauphins-wine.com\/fr\/#organization","name":"Les Dauphins Wine","alternateName":"Les Dauphins","url":"https:\/\/www.lesdauphins-wine.com\/fr\/","logo":{"@type":"ImageObject","inLanguage":"fr-FR","@id":"https:\/\/www.lesdauphins-wine.com\/fr\/#\/schema\/logo\/image\/","url":"https:\/\/www.lesdauphins-wine.com\/wp-content\/uploads\/2024\/12\/les-dauphins-logo-officiel-2024-e1733424049466.png","contentUrl":"https:\/\/www.lesdauphins-wine.com\/wp-content\/uploads\/2024\/12\/les-dauphins-logo-officiel-2024-e1733424049466.png","width":350,"height":283,"caption":"Les Dauphins Wine"},"image":{"@id":"https:\/\/www.lesdauphins-wine.com\/fr\/#\/schema\/logo\/image\/"},"sameAs":["https:\/\/www.facebook.com\/profile.php?id=61564817920040","https:\/\/www.instagram.com\/lesdauphinswine","https:\/\/www.linkedin.com\/company\/les-dauphins-wine\/?viewAsMember=true"]}]}},"_links":{"self":[{"href":"https:\/\/www.lesdauphins-wine.com\/fr\/wp-json\/wp\/v2\/pages\/2838","targetHints":{"allow":["GET"]}}],"collection":[{"href":"https:\/\/www.lesdauphins-wine.com\/fr\/wp-json\/wp\/v2\/pages"}],"about":[{"href":"https:\/\/www.lesdauphins-wine.com\/fr\/wp-json\/wp\/v2\/types\/page"}],"author":[{"embeddable":true,"href":"https:\/\/www.lesdauphins-wine.com\/fr\/wp-json\/wp\/v2\/users\/1"}],"replies":[{"embeddable":true,"href":"https:\/\/www.lesdauphins-wine.com\/fr\/wp-json\/wp\/v2\/comments?post=2838"}],"version-history":[{"count":1,"href":"https:\/\/www.lesdauphins-wine.com\/fr\/wp-json\/wp\/v2\/pages\/2838\/revisions"}],"predecessor-version":[{"id":2849,"href":"https:\/\/www.lesdauphins-wine.com\/fr\/wp-json\/wp\/v2\/pages\/2838\/revisions\/2849"}],"wp:attachment":[{"href":"https:\/\/www.lesdauphins-wine.com\/fr\/wp-json\/wp\/v2\/media?parent=2838"}],"curies":[{"name":"wp","href":"https:\/\/api.w.org\/{rel}","templated":true}]}}